{"id":3806,"date":"2015-12-28T09:30:31","date_gmt":"2015-12-28T01:30:31","guid":{"rendered":"http:\/\/www.cnwoodmachine.com\/fr\/?page_id=3806"},"modified":"2018-09-29T16:07:28","modified_gmt":"2018-09-29T08:07:28","slug":"a-propos-de-nous","status":"publish","type":"page","link":"https:\/\/www.cnwoodmachine.com\/fr\/a-propos-de-nous\/","title":{"rendered":"\u00c0 propos de nous"},"content":{"rendered":"<p><a href=\"https:\/\/www.cnwoodmachine.com\/double-segment-rotary-cutting-machine\/\"><img decoding=\"async\" src=\"https:\/\/www.cnwoodmachine.com\/wp-content\/uploads\/2014\/05\/banner3.jpg\" alt=\"doulbe segment rotary cutting machine\" width=\"650\" height=\"280\" \/><\/a><\/p>\n<p>Romiter groupe est bas\u00e9 dans le Nord, en Chine. Romiter se concentrent sur la fabrication et la commercialisation de machines de traitement du bambou et des machines de traitement de b\u00e2ton de cr\u00e8me glac\u00e9e. Nos machines \u00e0 bois sont largement utilis\u00e9s dans la fabrication de bambou &amp; woFoden cure-dents, baguettes, brochettes de barbecue, ainsi que diff\u00e9rentes tailles de ronde et des b\u00e2tons en bois et bambou carr\u00e9s. Romiter Groupe fournit des machines pour la production<\/p>\n<p><a href=\"https:\/\/www.cnwoodmachine.com\">des b\u00e2tons de bois de la cr\u00e8me glac\u00e9e, des b\u00e2tons de glace de bois, bois b\u00e2tons de Magnum, b\u00e2tons paddle, Bow Tie-b\u00e2tons, Tonge bois d\u00e9presseurs, spatule, des b\u00e2tons d&rsquo;artisanat en bois, b\u00e2tons d&rsquo;artisanat de couleur, b\u00e2tonnets de Magnum, b\u00e2tons de popsicle, b\u00e2tons de bonbons en bois, fourchette en bois jetables, couteau , une cuill\u00e8re, des b\u00e2tons de Popsicle de bois, b\u00e2tons de sucettes en bois, ronds b\u00e2tons de sucette glac\u00e9e, des b\u00e2tons de hot-dog, cuill\u00e8res \u00e0 glace en bois, de la langue de bois abaisse spatules, b\u00e2tonnets \u00e0 caf\u00e9 en bois, b\u00e2tons de caf\u00e9 woooden, fourchette en bois jetables, couteau en bois jetable, b\u00e2tons peinture de paddle ,<\/a><\/p>\n<p>la cr\u00e8me glac\u00e9e rondes et pagaie en bois des b\u00e2tons, des cuill\u00e8res et des abaisse-langue. Le placage en bambou bord ligne de production et de la ligne de de production de parquet en bambou sont largement utilis\u00e9s dans les meubles et la construction r\u00e9gion. Nous fournissons le tri, l&#8217;emballage et des machines d&#8217;emballage pour les produits mentionn\u00e9s aussi. Nous fournissons non seulement des machines de haute qualit\u00e9 de nos clients avec des prix comp\u00e9titifs, mais aussi, nous allons offrir un bon service apr\u00e8s-vente et le support technique dans votre production. Esp\u00e9rons \u00eatre votre bon partenaire dans votre projet d&rsquo;entreprise.<\/p>\n<p><a href=\"https:\/\/www.cnwoodmachine.com\/tri-carved-cutting-machine\/\"><img decoding=\"async\" src=\"https:\/\/www.cnwoodmachine.com\/wp-content\/uploads\/2015\/05\/Banner-Triple-Carved-Cutting-Machine.jpg\" alt=\"Banner-Triple-Carved-Cutting-Machine\" width=\"650\" height=\"280\" \/><\/a><\/p>\n<h2>Service<\/h2>\n<ol>\n<li>Nos propres personnels QC, v\u00e9rifier la qualit\u00e9 strictement avant de livrer \u00e0 nos clients.<\/li>\n<li>Introductions d\u00e9taill\u00e9es font que vous avez compris, et vous faire pour commander facilement toutes les machines<\/li>\n<li>Si ing\u00e9nieur besoin ira \u00e0 votre usine pour r\u00e9gler la machine pour vous jusqu&rsquo;\u00e0 ce qu&rsquo;il fonctionne tr\u00e8s bien<\/li>\n<li>Si il y avait quelque chose de mal avec les machines, nous promettons qu&rsquo;il sera r\u00e9solu dans les 24 heures<\/li>\n<\/ol>\n<p><a href=\"https:\/\/www.cnwoodmachine.com\/ice-cream-sticks-bundling-machine\/\"><img decoding=\"async\" src=\"https:\/\/www.cnwoodmachine.com\/wp-content\/uploads\/2014\/03\/Ice-Cream-Sticks-Bundling-Machine-Banner.jpg\" alt=\"Ice-Cream-Sticks-Bundling-Machine-Banner\" width=\"650\" height=\"280\" \/><\/a><\/p>\n<p>Now we are purchasing agent of many customers all over the world.Purchase almost everything for them. We have lots of experiences of purchasing. Low cost and good quality is our target<\/p>\n<p><a href=\"https:\/\/www.cnwoodmachine.com\/wheel-type-ice-cream-sticks-size-selecting-machine\/\"><img decoding=\"async\" src=\"https:\/\/www.cnwoodmachine.com\/wp-content\/uploads\/2015\/05\/banner-New-Type-Wheel-Type-Ice-Cream-Sticks-Size-Selecting-Machine.jpg\" alt=\"banner-New-Type-Wheel-Type-Ice-Cream-Sticks-Size-Selecting-Machine\" width=\"650\" height=\"280\" \/><\/a><\/p>\n<h2>Follow us on facebook<\/h2>\n<p><a href=\"https:\/\/www.facebook.com\/icecreamsticksmachine\" rel=\"nofollow\">https:\/\/www.facebook.com\/icecreamsticksmachine<\/a><\/p>\n<p>&nbsp;<\/p>\n<h2>Welcome to Contact Us<\/h2>\n\n<div class=\"wpcf7 no-js\" id=\"wpcf7-f6-o1\" lang=\"zh-CN\" dir=\"ltr\" data-wpcf7-id=\"6\">\n<div class=\"screen-reader-response\"><p role=\"status\" aria-live=\"polite\" aria-atomic=\"true\"><\/p> <ul><\/ul><\/div>\n<form action=\"\/fr\/wp-json\/wp\/v2\/pages\/3806#wpcf7-f6-o1\" method=\"post\" class=\"wpcf7-form init\" aria-label=\"\u7559\u8a00\u8868\u5355\" novalidate=\"novalidate\" data-status=\"init\">\n<fieldset class=\"hidden-fields-container\"><input type=\"hidden\" name=\"_wpcf7\" value=\"6\" \/><input type=\"hidden\" name=\"_wpcf7_version\" value=\"6.1.5\" \/><input type=\"hidden\" name=\"_wpcf7_locale\" value=\"zh_CN\" \/><input type=\"hidden\" name=\"_wpcf7_unit_tag\" value=\"wpcf7-f6-o1\" \/><input type=\"hidden\" name=\"_wpcf7_container_post\" value=\"0\" \/><input type=\"hidden\" name=\"_wpcf7_posted_data_hash\" value=\"\" \/>\n<\/fieldset>\n<p>Your Name (required)\n<\/p>\n<p><span class=\"wpcf7-form-control-wrap\" data-name=\"your-name\"><input size=\"40\" maxlength=\"400\" class=\"wpcf7-form-control wpcf7-text wpcf7-validates-as-required\" aria-required=\"true\" aria-invalid=\"false\" value=\"\" type=\"text\" name=\"your-name\" \/><\/span>\n<\/p>\n<p>Your Email (required)\n<\/p>\n<p><span class=\"wpcf7-form-control-wrap\" data-name=\"your-email\"><input size=\"40\" maxlength=\"400\" class=\"wpcf7-form-control wpcf7-email wpcf7-validates-as-required wpcf7-text wpcf7-validates-as-email\" aria-required=\"true\" aria-invalid=\"false\" value=\"\" type=\"email\" name=\"your-email\" \/><\/span>\n<\/p>\n<p>Country\n<\/p>\n<p><span class=\"wpcf7-form-control-wrap\" data-name=\"your-country\"><input size=\"40\" maxlength=\"400\" class=\"wpcf7-form-control wpcf7-text\" aria-invalid=\"false\" placeholder=\"Tell us Your Country\" value=\"\" type=\"text\" name=\"your-country\" \/><\/span>\n<\/p>\n<p>WhatsApp\n<\/p>\n<p><span class=\"wpcf7-form-control-wrap\" data-name=\"your-whatsapp\"><input size=\"40\" maxlength=\"400\" class=\"wpcf7-form-control wpcf7-text\" aria-invalid=\"false\" placeholder=\"Your WhatsApp ID with Country Code\" value=\"\" type=\"text\" name=\"your-whatsapp\" \/><\/span>\n<\/p>\n<p>Subject\n<\/p>\n<p><span class=\"wpcf7-form-control-wrap\" data-name=\"your-subject\"><input size=\"40\" maxlength=\"400\" class=\"wpcf7-form-control wpcf7-text\" aria-invalid=\"false\" value=\"\" type=\"text\" name=\"your-subject\" \/><\/span>\n<\/p>\n<p>Your Message\n<\/p>\n<p><span class=\"wpcf7-form-control-wrap\" data-name=\"your-message\"><textarea cols=\"40\" rows=\"10\" maxlength=\"2000\" class=\"wpcf7-form-control wpcf7-textarea\" aria-invalid=\"false\" placeholder=\"please specify your detail requirement here\" name=\"your-message\"><\/textarea><\/span>\n<\/p>\n<p><input class=\"wpcf7-form-control wpcf7-submit has-spinner\" type=\"submit\" value=\"Send\" \/>\n<\/p><p style=\"display: none !important;\" class=\"akismet-fields-container\" data-prefix=\"_wpcf7_ak_\"><label>&#916;<textarea name=\"_wpcf7_ak_hp_textarea\" cols=\"45\" rows=\"8\" maxlength=\"100\"><\/textarea><\/label><input type=\"hidden\" id=\"ak_js_1\" name=\"_wpcf7_ak_js\" value=\"124\"\/><script>document.getElementById( \"ak_js_1\" ).setAttribute( \"value\", ( new Date() ).getTime() );<\/script><\/p><div class=\"wpcf7-response-output\" aria-hidden=\"true\"><\/div>\n<\/form>\n<\/div>\n\n","protected":false},"excerpt":{"rendered":"<p>Romiter groupe est bas\u00e9 dans le Nord, en Chine. Romiter se concentrent sur la fabrication et la commercialisation de machines de traitement du bambou et des machines de traitement de b\u00e2ton de cr\u00e8me glac\u00e9e. Nos machines \u00e0 bois sont largement utilis\u00e9s dans la fabrication de bambou &amp; woFoden cure-dents, baguettes, brochettes de barbecue, ainsi que diff\u00e9rentes tailles de ronde et des b\u00e2tons en bois et bambou carr\u00e9s. Romiter Groupe fournit des machines pour la production des b\u00e2tons de bois de la cr\u00e8me glac\u00e9e, des b\u00e2tons de glace de bois, bois b\u00e2tons de Magnum, b\u00e2tons paddle, Bow Tie-b\u00e2tons, Tonge bois d\u00e9presseurs, spatule, des b\u00e2tons d&rsquo;artisanat en bois, b\u00e2tons d&rsquo;artisanat de couleur, b\u00e2tonnets de Magnum, b\u00e2tons de popsicle, b\u00e2tons de bonbons en bois, fourchette en bois jetables, couteau , une cuill\u00e8re, des b\u00e2tons de Popsicle de bois, b\u00e2tons de sucettes en bois, ronds b\u00e2tons de sucette glac\u00e9e, des b\u00e2tons de hot-dog, cuill\u00e8res \u00e0 glace en bois, de la langue de bois abaisse &#8230;<\/p>\n","protected":false},"author":1,"featured_media":0,"parent":0,"menu_order":0,"comment_status":"closed","ping_status":"closed","template":"","meta":{"footnotes":""},"class_list":["post-3806","page","type-page","status-publish","hentry"],"aioseo_notices":[],"jetpack_sharing_enabled":true,"_links":{"self":[{"href":"https:\/\/www.cnwoodmachine.com\/fr\/wp-json\/wp\/v2\/pages\/3806","targetHints":{"allow":["GET"]}}],"collection":[{"href":"https:\/\/www.cnwoodmachine.com\/fr\/wp-json\/wp\/v2\/pages"}],"about":[{"href":"https:\/\/www.cnwoodmachine.com\/fr\/wp-json\/wp\/v2\/types\/page"}],"author":[{"embeddable":true,"href":"https:\/\/www.cnwoodmachine.com\/fr\/wp-json\/wp\/v2\/users\/1"}],"replies":[{"embeddable":true,"href":"https:\/\/www.cnwoodmachine.com\/fr\/wp-json\/wp\/v2\/comments?post=3806"}],"version-history":[{"count":0,"href":"https:\/\/www.cnwoodmachine.com\/fr\/wp-json\/wp\/v2\/pages\/3806\/revisions"}],"wp:attachment":[{"href":"https:\/\/www.cnwoodmachine.com\/fr\/wp-json\/wp\/v2\/media?parent=3806"}],"curies":[{"name":"wp","href":"https:\/\/api.w.org\/{rel}","templated":true}]}}