{"id":1518,"date":"2014-09-16T12:43:15","date_gmt":"2014-09-16T04:43:15","guid":{"rendered":"http:\/\/www.cnwoodmachine.com\/?page_id=1518"},"modified":"2015-12-29T14:33:38","modified_gmt":"2015-12-29T06:33:38","slug":"sobre-nosotros","status":"publish","type":"page","link":"https:\/\/www.cnwoodmachine.com\/es\/sobre-nosotros\/","title":{"rendered":"Sobre Nosotros"},"content":{"rendered":"<p class=\"single\"><a href=\"https:\/\/www.cnwoodmachine.com\/double-segment-rotary-cutting-machine\/\"><img decoding=\"async\" class=\"size-full wp-image-227\" src=\"https:\/\/www.cnwoodmachine.com\/wp-content\/uploads\/2014\/05\/banner3.jpg\" alt=\"doulbe segment rotary cutting machine\" width=\"650\" height=\"280\" srcset=\"https:\/\/www.cnwoodmachine.com\/wp-content\/uploads\/2014\/05\/banner3.jpg 650w, https:\/\/www.cnwoodmachine.com\/wp-content\/uploads\/2014\/05\/banner3-300x129.jpg 300w\" sizes=\"(max-width: 650px) 100vw, 650px\" \/><\/a><\/p>\n<p>Romiter Group tiene su sede en el norte de China. Romiter est\u00e1n concentrando en la maquinaria de procesamiento de la fabricaci\u00f3n y el comercio de bamb\u00fa y de maquinaria de procesamiento de palito de helado. Nuestras m\u00e1quinas para trabajar la madera son ampliamente utilizados en la fabricaci\u00f3n de bamb\u00fa &amp; woFoden mondadientes, palillos, pinchos de barbacoa, as\u00ed como diferentes tama\u00f1os de todo el a\u00f1o y palos de madera y bamb\u00fa cuadrados. Romiter Grupo ofrece m\u00e1quinas para la producci\u00f3n<\/p>\n<p>palos de madera para helados, palitos de hielo de madera, palos magnum de madera, palos de paleta, pajarita palos, tonge madera depresores, esp\u00e1tula, palitos de madera, palitos de madera de colores, palos magnum, palitos de helado, palos de caramelo madera, tenedor de madera desechables, un cuchillo , cuchara, palitos de paleta de madera, palos de paleta de madera, palos de polo de hielo redondos, palos de perros calientes, cucharas de helado de madera, la lengua de madera depresores esp\u00e1tulas, agitadores de caf\u00e9 de madera, palos de caf\u00e9 woooden, horquilla de madera desechables, cuchillo de madera desechables, palos de paleta de pintura ,<\/p>\n<p>palitos de helado redondas de madera y de paddle, cucharas y depresores de lengua. La chapa de la tarjeta de bamb\u00fa producir la l\u00ednea y l\u00ednea de producci\u00f3n de pisos de bamb\u00fa son ampliamente utilizados en muebles y construcci\u00f3n de \u00e1reas. Suministramos la clasificaci\u00f3n, embalaje y m\u00e1quinas de embalaje para los productos mencionados tambi\u00e9n. No s\u00f3lo suministramos m\u00e1quinas de alta calidad de nuestros clientes con precios competitivos, sino tambi\u00e9n, vamos a ofrecer un buen servicio post-venta y soporte t\u00e9cnico en su producci\u00f3n. Esperamos ser su buen socio en su empresa.<\/p>\n<p><a href=\"https:\/\/www.cnwoodmachine.com\/tri-carved-cutting-machine\/\"><img decoding=\"async\" class=\"alignnone size-full wp-image-3342\" src=\"https:\/\/www.cnwoodmachine.com\/wp-content\/uploads\/2015\/05\/Banner-Triple-Carved-Cutting-Machine.jpg\" alt=\"Banner-Triple-Carved-Cutting-Machine\" width=\"650\" height=\"280\" srcset=\"https:\/\/www.cnwoodmachine.com\/wp-content\/uploads\/2015\/05\/Banner-Triple-Carved-Cutting-Machine.jpg 650w, https:\/\/www.cnwoodmachine.com\/wp-content\/uploads\/2015\/05\/Banner-Triple-Carved-Cutting-Machine-300x129.jpg 300w\" sizes=\"(max-width: 650px) 100vw, 650px\" \/><\/a><\/p>\n<p style=\"color: #333333; font-family: verdana, Arial; font-size: 12px; font-style: normal; font-weight: normal; text-align: start; text-indent: 0px; background-color: #ffffff;\"><a href=\"https:\/\/www.cnwoodmachine.com\/ice-cream-sticks-bundling-machine\/\"><img decoding=\"async\" class=\"alignnone size-full wp-image-3544\" src=\"https:\/\/www.cnwoodmachine.com\/wp-content\/uploads\/2014\/03\/Ice-Cream-Sticks-Bundling-Machine-Banner.jpg\" alt=\"Ice-Cream-Sticks-Bundling-Machine-Banner\" width=\"650\" height=\"280\" srcset=\"https:\/\/www.cnwoodmachine.com\/wp-content\/uploads\/2014\/03\/Ice-Cream-Sticks-Bundling-Machine-Banner.jpg 650w, https:\/\/www.cnwoodmachine.com\/wp-content\/uploads\/2014\/03\/Ice-Cream-Sticks-Bundling-Machine-Banner-300x129.jpg 300w\" sizes=\"(max-width: 650px) 100vw, 650px\" \/><\/a><\/p>\n<p style=\"color: #333333; font-family: verdana, Arial; font-size: 12px; font-style: normal; font-weight: normal; text-align: start; text-indent: 0px; background-color: #ffffff;\">Ahora estamos agente de muchos clientes que compren todo el world.Purchase casi todo para them.We tienen un mont\u00f3n de experiencias de costo purchasing.Low y de buena calidad es nuestro objetivo<\/p>\n<p><a href=\"https:\/\/www.cnwoodmachine.com\/wheel-type-ice-cream-sticks-size-selecting-machine\/\"><img decoding=\"async\" class=\"alignnone size-full wp-image-3347\" src=\"https:\/\/www.cnwoodmachine.com\/wp-content\/uploads\/2015\/05\/banner-New-Type-Wheel-Type-Ice-Cream-Sticks-Size-Selecting-Machine.jpg\" alt=\"banner-New-Type-Wheel-Type-Ice-Cream-Sticks-Size-Selecting-Machine\" width=\"650\" height=\"280\" srcset=\"https:\/\/www.cnwoodmachine.com\/wp-content\/uploads\/2015\/05\/banner-New-Type-Wheel-Type-Ice-Cream-Sticks-Size-Selecting-Machine.jpg 650w, https:\/\/www.cnwoodmachine.com\/wp-content\/uploads\/2015\/05\/banner-New-Type-Wheel-Type-Ice-Cream-Sticks-Size-Selecting-Machine-300x129.jpg 300w\" sizes=\"(max-width: 650px) 100vw, 650px\" \/><\/a><\/p>\n<h2><span style=\"font-family: Verdana;\">Basic Information<\/span><\/h2>\n<table class=\"ke-zeroborder\" border=\"0\" width=\"596\" cellspacing=\"0\" cellpadding=\"0\">\n<tbody>\n<tr>\n<td class=\"xl64\" width=\"174\" height=\"41\"><span style=\"font-family: Verdana;\">Business<br \/>\nType:<\/span><\/p>\n<h2><\/h2>\n<\/td>\n<td class=\"xl65\" width=\"422\"><span style=\"font-family: Verdana;\">Manufacture, Trading Company,<br \/>\nPurchasing Agent<\/span><\/td>\n<\/tr>\n<tr>\n<td class=\"xl66\" height=\"62\"><span style=\"font-family: Verdana;\">Product\/Service:<\/span><\/td>\n<td class=\"xl67\" width=\"422\"><a href=\"https:\/\/www.cnwoodmachine.com\/ice-cream-sticks-bundling-machine\/\" target=\"_blank\"><span style=\"font-family: Verdana; color: #4c33e5;\">ice cream stick machine<\/span><\/a><span style=\"font-family: Verdana;\"><span style=\"color: #4c33e5;\">, <\/span><a href=\"https:\/\/www.cnwoodmachine.com\/full-automatic-wooden-magnum-bundling-machine\/\" target=\"_blank\"><span style=\"color: #4c33e5;\">Wooden Magnum Making Machine,\u00a0<\/span><\/a> <\/span><a href=\"https:\/\/www.cnwoodmachine.com\/wooden-toothpicks-making-machine\/\" target=\"_blank\"><span style=\"font-family: Verdana; color: #4c33e5;\">toothpick<br \/>\nmachine<\/span><\/a><span style=\"font-family: Verdana; color: #4c33e5;\">, <\/span><a href=\"https:\/\/www.cnwoodmachine.com\/wooden-chopsticks-production-line\/\" target=\"_blank\"><span style=\"font-family: Verdana; color: #4c33e5;\">chopsticks machine<\/span><\/a><span style=\"font-family: Verdana; color: #4c33e5;\">,\u00a0<\/span><a href=\"www.cnwoodmachine.com\/popsicle-sticks-carved-cutting-machine\/\" target=\"_blank\"><span style=\"font-family: Verdana; color: #4c33e5;\">popsicle sticks making machine<\/span><\/a><span style=\"font-family: Verdana; color: #4c33e5;\">, <\/span><a href=\"www.cnwoodmachine.com\/coffee-mixer-packing-machine\/\" target=\"_blank\"><span style=\"font-family: Verdana; color: #4c33e5;\">coffee mixer packing machine<\/span><\/a><span style=\"font-family: Verdana; color: #4c33e5;\">, <\/span><a href=\"https:\/\/www.cnwoodmachine.com\/bamboo-toothpicks-making-machine\/\" target=\"_blank\"><span style=\"font-family: Verdana; color: #4c33e5;\">bamboo toothpicks making machine,<\/span><\/a> <a href=\"https:\/\/www.cnwoodmachine.com\/sticks-ordering-machine\/\" target=\"_blank\"><span style=\"font-family: Verdana; color: #4c33e5;\">sticks ordering machine,<\/span><\/a> <a href=\"https:\/\/www.cnwoodmachine.com\/wooden-spoons-forming-machine\/\" target=\"_blank\"><span style=\"font-family: Verdana; color: #4c33e5;\">wooden spoons making machine<\/span><\/a><span style=\"font-family: Verdana; color: #4c33e5;\">, <\/span><a href=\"https:\/\/www.cnwoodmachine.com\/manicure-sticks\/\" target=\"_blank\"><span style=\"font-family: Verdana; color: #4c33e5;\">manicure sticks making machine<\/span><\/a><span style=\"font-family: Verdana; color: #4c33e5;\">, <\/span><a href=\"https:\/\/www.cnwoodmachine.com\/bamboo-incense-sticks-product-line\/\" target=\"_blank\"><span style=\"font-family: Verdana; color: #4c33e5;\">i<\/span><span style=\"font-family: Verdana; color: #4c33e5;\">ncense sticks making machine, <\/span><\/a><a href=\"https:\/\/www.cnwoodmachine.com\/wooden-clothespins-assembling-machine\/\" target=\"_blank\"><span style=\"font-family: Verdana; color: #4c33e5;\">wooden clothespins making machine<\/span><\/a><span style=\"font-family: Verdana; color: #4c33e5;\">, <\/span><a href=\"https:\/\/www.cnwoodmachine.com\/ice-cream-sticks-tongue-depressor-skewers-coffee-stirrers-making-factory-visit\/\" target=\"_blank\"><span style=\"font-family: Verdana; color: #4c33e5;\">wooden lollipop sticks making machine<\/span><\/a><\/td>\n<\/tr>\n<tr>\n<td class=\"xl64\" width=\"174\" height=\"35\"><span style=\"font-family: Verdana;\">Main<br \/>\nMarket:<\/span><\/td>\n<td class=\"xl65\" width=\"422\"><span style=\"font-family: Verdana;\">Worldwide<\/span><\/td>\n<\/tr>\n<tr>\n<td class=\"xl64\" width=\"174\" height=\"29\"><span style=\"font-family: Verdana;\">Brands:<\/span><\/td>\n<td class=\"xl65\" width=\"422\"><span style=\"font-family: Verdana;\">Romiter<\/span><\/td>\n<\/tr>\n<tr>\n<td class=\"xl64\" width=\"174\" height=\"29\"><span style=\"font-family: Verdana;\">No. of<br \/>\nEmployees:<\/span><\/td>\n<td class=\"xl65\" width=\"422\"><span style=\"font-family: Verdana;\">50-60 People<\/span><\/td>\n<\/tr>\n<tr>\n<td class=\"xl64\" width=\"174\" height=\"32\"><span style=\"font-family: Verdana;\">Annual<br \/>\nSales:<\/span><\/td>\n<td class=\"xl65\" width=\"422\"><span style=\"font-family: Verdana;\">US$ 10000000 &#8211; US$ 50000000<\/span><\/td>\n<\/tr>\n<tr>\n<td class=\"xl64\" width=\"174\" height=\"26\"><span style=\"font-family: Verdana;\">Year<br \/>\nEstablished:<\/span><\/td>\n<td class=\"xl64\" width=\"422\"><span style=\"font-family: Verdana;\">2008<\/span><\/td>\n<\/tr>\n<tr>\n<td class=\"xl64\" width=\"174\" height=\"18\"><span style=\"font-family: Verdana;\">Export<br \/>\np.c:<\/span><\/td>\n<td class=\"xl65\" width=\"422\"><span style=\"font-family: Verdana;\">80% &#8211; 90%<\/span><\/td>\n<\/tr>\n<tr>\n<td class=\"xl66\" height=\"32\"><span style=\"font-family: Verdana;\">Company<br \/>\nWebsite URL:<\/span><\/td>\n<td class=\"xl68\"><a href=\"https:\/\/www.cnwoodmachine.com\/\"><span style=\"font-size: 10pt; font-family: Verdana;\">https:\/\/www.cnwoodmachine.com<\/span><\/a><\/td>\n<\/tr>\n<\/tbody>\n<\/table>\n<h2><\/h2>\n<h2>Follow us on facebook<\/h2>\n<p><a href=\"https:\/\/www.facebook.com\/icecreamsticksmachine\" rel=\"nofollow\">https:\/\/www.facebook.com\/icecreamsticksmachine<\/a><\/p>\n<h2><span style=\"background-color: #337fe5; color: #ffffff;\">Welcome to Contact Us<br \/>\n<\/span><\/h2>\n\n<div class=\"wpcf7 no-js\" id=\"wpcf7-f6-o1\" lang=\"zh-CN\" dir=\"ltr\" data-wpcf7-id=\"6\">\n<div class=\"screen-reader-response\"><p role=\"status\" aria-live=\"polite\" aria-atomic=\"true\"><\/p> <ul><\/ul><\/div>\n<form action=\"\/es\/wp-json\/wp\/v2\/pages\/1518#wpcf7-f6-o1\" method=\"post\" class=\"wpcf7-form init\" aria-label=\"\u7559\u8a00\u8868\u5355\" novalidate=\"novalidate\" data-status=\"init\">\n<fieldset class=\"hidden-fields-container\"><input type=\"hidden\" name=\"_wpcf7\" value=\"6\" \/><input type=\"hidden\" name=\"_wpcf7_version\" value=\"6.1.5\" \/><input type=\"hidden\" name=\"_wpcf7_locale\" value=\"zh_CN\" \/><input type=\"hidden\" name=\"_wpcf7_unit_tag\" value=\"wpcf7-f6-o1\" \/><input type=\"hidden\" name=\"_wpcf7_container_post\" value=\"0\" \/><input type=\"hidden\" name=\"_wpcf7_posted_data_hash\" value=\"\" \/>\n<\/fieldset>\n<p>Your Name (required)\n<\/p>\n<p><span class=\"wpcf7-form-control-wrap\" data-name=\"your-name\"><input size=\"40\" maxlength=\"400\" class=\"wpcf7-form-control wpcf7-text wpcf7-validates-as-required\" aria-required=\"true\" aria-invalid=\"false\" value=\"\" type=\"text\" name=\"your-name\" \/><\/span>\n<\/p>\n<p>Your Email (required)\n<\/p>\n<p><span class=\"wpcf7-form-control-wrap\" data-name=\"your-email\"><input size=\"40\" maxlength=\"400\" class=\"wpcf7-form-control wpcf7-email wpcf7-validates-as-required wpcf7-text wpcf7-validates-as-email\" aria-required=\"true\" aria-invalid=\"false\" value=\"\" type=\"email\" name=\"your-email\" \/><\/span>\n<\/p>\n<p>Country\n<\/p>\n<p><span class=\"wpcf7-form-control-wrap\" data-name=\"your-country\"><input size=\"40\" maxlength=\"400\" class=\"wpcf7-form-control wpcf7-text\" aria-invalid=\"false\" placeholder=\"Tell us Your Country\" value=\"\" type=\"text\" name=\"your-country\" \/><\/span>\n<\/p>\n<p>WhatsApp\n<\/p>\n<p><span class=\"wpcf7-form-control-wrap\" data-name=\"your-whatsapp\"><input size=\"40\" maxlength=\"400\" class=\"wpcf7-form-control wpcf7-text\" aria-invalid=\"false\" placeholder=\"Your WhatsApp ID with Country Code\" value=\"\" type=\"text\" name=\"your-whatsapp\" \/><\/span>\n<\/p>\n<p>Subject\n<\/p>\n<p><span class=\"wpcf7-form-control-wrap\" data-name=\"your-subject\"><input size=\"40\" maxlength=\"400\" class=\"wpcf7-form-control wpcf7-text\" aria-invalid=\"false\" value=\"\" type=\"text\" name=\"your-subject\" \/><\/span>\n<\/p>\n<p>Your Message\n<\/p>\n<p><span class=\"wpcf7-form-control-wrap\" data-name=\"your-message\"><textarea cols=\"40\" rows=\"10\" maxlength=\"2000\" class=\"wpcf7-form-control wpcf7-textarea\" aria-invalid=\"false\" placeholder=\"please specify your detail requirement here\" name=\"your-message\"><\/textarea><\/span>\n<\/p>\n<p><input class=\"wpcf7-form-control wpcf7-submit has-spinner\" type=\"submit\" value=\"Send\" \/>\n<\/p><p style=\"display: none !important;\" class=\"akismet-fields-container\" data-prefix=\"_wpcf7_ak_\"><label>&#916;<textarea name=\"_wpcf7_ak_hp_textarea\" cols=\"45\" rows=\"8\" maxlength=\"100\"><\/textarea><\/label><input type=\"hidden\" id=\"ak_js_1\" name=\"_wpcf7_ak_js\" value=\"214\"\/><script>document.getElementById( \"ak_js_1\" ).setAttribute( \"value\", ( new Date() ).getTime() );<\/script><\/p><div class=\"wpcf7-response-output\" aria-hidden=\"true\"><\/div>\n<\/form>\n<\/div>\n\n","protected":false},"excerpt":{"rendered":"<p>Romiter Group tiene su sede en el norte de China. Romiter est\u00e1n concentrando en la maquinaria de procesamiento de la fabricaci\u00f3n y el comercio de bamb\u00fa y de maquinaria de procesamiento de palito de helado. Nuestras m\u00e1quinas para trabajar la madera son ampliamente utilizados en la fabricaci\u00f3n de bamb\u00fa &amp; woFoden mondadientes, palillos, pinchos de barbacoa, as\u00ed como diferentes tama\u00f1os de todo el a\u00f1o y palos de madera y bamb\u00fa cuadrados. Romiter Grupo ofrece m\u00e1quinas para la producci\u00f3n palos de madera para helados, palitos de hielo de madera, palos magnum de madera, palos de paleta, pajarita palos, tonge madera depresores, esp\u00e1tula, palitos de madera, palitos de madera de colores, palos magnum, palitos de helado, palos de caramelo madera, tenedor de madera desechables, un cuchillo , cuchara, palitos de paleta de madera, palos de paleta de madera, palos de polo de hielo redondos, palos de perros calientes, cucharas de helado de madera, la lengua de madera depresores esp\u00e1tulas, agitadores de caf\u00e9 &#8230;<\/p>\n","protected":false},"author":1,"featured_media":0,"parent":0,"menu_order":0,"comment_status":"closed","ping_status":"closed","template":"","meta":{"footnotes":""},"class_list":["post-1518","page","type-page","status-publish","hentry"],"aioseo_notices":[],"jetpack_sharing_enabled":true,"_links":{"self":[{"href":"https:\/\/www.cnwoodmachine.com\/es\/wp-json\/wp\/v2\/pages\/1518","targetHints":{"allow":["GET"]}}],"collection":[{"href":"https:\/\/www.cnwoodmachine.com\/es\/wp-json\/wp\/v2\/pages"}],"about":[{"href":"https:\/\/www.cnwoodmachine.com\/es\/wp-json\/wp\/v2\/types\/page"}],"author":[{"embeddable":true,"href":"https:\/\/www.cnwoodmachine.com\/es\/wp-json\/wp\/v2\/users\/1"}],"replies":[{"embeddable":true,"href":"https:\/\/www.cnwoodmachine.com\/es\/wp-json\/wp\/v2\/comments?post=1518"}],"version-history":[{"count":0,"href":"https:\/\/www.cnwoodmachine.com\/es\/wp-json\/wp\/v2\/pages\/1518\/revisions"}],"wp:attachment":[{"href":"https:\/\/www.cnwoodmachine.com\/es\/wp-json\/wp\/v2\/media?parent=1518"}],"curies":[{"name":"wp","href":"https:\/\/api.w.org\/{rel}","templated":true}]}}